{"id":532,"date":"2024-06-04T15:42:58","date_gmt":"2024-06-04T13:42:58","guid":{"rendered":"https:\/\/www.gopasta.info\/privacy-policy\/"},"modified":"2024-09-22T21:38:28","modified_gmt":"2024-09-22T19:38:28","slug":"politika-zasebnosti","status":"publish","type":"page","link":"https:\/\/www.gopasta.info\/sl\/politika-zasebnosti\/","title":{"rendered":"Politika zasebnosti"},"content":{"rendered":"\n<p>Na tej strani so opisani na\u010dini upravljanja spletne strani v zvezi z obdelavo osebnih podatkov uporabnikov, ki jo obiskujejo. Gre za obvestilo, ki je dano v skladu s \u010dlenom 13 Uredbe (EU) 2016\/679 (\u201cGDPR\u201d) in veljavno nacionalno zakonodajo, tistim, ki interagirajo s spletnimi storitvami Skupnosti gorskih obmo\u010dij Carnia, dostopnimi preko telematike na naslovu: www.gopasta.info<\/p>\n\n\n\n<p>Obvestilo je dano samo za spletno stran gopasta.info in ne tudi za druge zunanje spletne strani, ki jih uporabnik obi\u0161\u010de z uporabo morebitnih povezav, prisotnih na strani. Obvestilo se tudi opira na Priporo\u010dilo \u0161t. 2\/2001, ki so ga evropske oblasti za varstvo osebnih podatkov, zbrane v Skupini, ustanovljeni s \u010dlenom 29 Direktive \u0161t. 95\/46\/ES, sprejele 17. maja 2001, da bi dolo\u010dile nekatere minimalne zahteve za zbiranje osebnih podatkov na spletu, in zlasti na\u010dine, roke in naravo informacij, ki jih morajo upravljavci obdelave posredovati uporabnikom, ko se ti pove\u017eejo na spletne strani, ne glede na namene povezave.<\/p>\n\n\n\n<h2 class=\"wp-block-heading\">Politika zasebnosti<\/h2>\n\n\n\n<p>Na tej strani so opisane metode upravljanja spletne strani v zvezi z obdelavo osebnih podatkov uporabnikov, ki jo pregledujejo. Gre za obvestilo, ki je dano v skladu s 13. \u010dlenom Uredbe (EU) 2016\/679 (\u201cGDPR\u201d) in veljavno nacionalno zakonodajo, tistim, ki interagirajo s spletnimi storitvami Skupnosti gorskih obmo\u010dij Carnia, dostopnimi elektronsko na naslovu: www.gopasta.info<\/p>\n\n\n\n<p>Obvestilo velja samo za spletno stran gopasta.info in ne tudi za druge zunanje spletne strani, ki jih uporabnik obi\u0161\u010de z uporabo morebitnih povezav, prisotnih na strani. Obvestilo se tudi opira na Priporo\u010dilo \u0161t. 2\/2001, ki so ga evropske oblasti za varstvo osebnih podatkov, zdru\u017eene v Skupini, ustanovljeni s 29. \u010dlenom Direktive \u0161t. 95\/46\/ES, sprejele 17. maja 2001, da bi dolo\u010dile nekatere minimalne zahteve za zbiranje osebnih podatkov prek spleta, in zlasti metode, roke in naravo informacij, ki jih morajo upravljavci obdelave posredovati uporabnikom, ko se ti pove\u017eejo s spletnimi stranmi, ne glede na namene povezave.<\/p>\n\n\n\n<h3 class=\"wp-block-heading\">Kdo obdeluje osebne podatke<\/h3>\n\n\n\n<p>Upravljavec obdelave, tj. subjekt, ki dolo\u010da namene in sredstva obdelave osebnih podatkov, je Skupnost gorskih obmo\u010dij Carnia, s sede\u017eem na naslovu Via Carnia libera 1944, n. 29 33028 Tolmezzo (UD).<\/p>\n\n\n\n<h2 class=\"wp-block-heading\">Vrsta obdelanih podatkov in nameni obdelave<\/h2>\n\n\n\n<h3 class=\"wp-block-heading\">Podatki o navigaciji<\/h3>\n\n\n\n<p>Informacijski sistemi in programske procedure, namenjene delovanju te spletne strani, med svojim obi\u010dajnim delovanjem pridobijo nekatere osebne podatke, katerih prenos je impliciten pri uporabi komunikacijskih protokolov interneta. Gre za informacije, ki niso zbrane za povezovanje z identificiranimi osebami, vendar bi lahko po svoji naravi, skozi obdelave in povezave z podatki, ki jih imajo tretje osebe, omogo\u010dile identifikacijo uporabnikov. V to kategorijo podatkov spadajo IP naslovi ali domenska imena ra\u010dunalnikov, ki jih uporabljajo uporabniki, ki se povezujejo na spletno stran, naslovi v URI (Uniform Resource Identifier) notaciji zahtevanih virov, \u010das zahteve, metoda, uporabljena pri po\u0161iljanju zahteve stre\u017eniku, velikost datoteke, pridobljene kot odgovor, \u0161tevil\u010dni kodo, ki ozna\u010duje stanje odgovora stre\u017enika (uspeh, napaka itd.) in drugi parametri, povezani s sistemom in ra\u010dunalni\u0161kim okoljem uporabnika. Ti podatki se uporabljajo izklju\u010dno za pridobivanje anonimnih statisti\u010dnih informacij o uporabi spletne strani in za nadzor njenega pravilnega delovanja ter se po obdelavi izbri\u0161ejo. Podatki se lahko uporabijo za ugotavljanje odgovornosti v primeru hipoteti\u010dnih ra\u010dunalni\u0161kih kaznivih dejanj proti spletni strani.<\/p>\n\n\n\n<h3 class=\"wp-block-heading\">Dati, ki jih uporabnik prostovoljno posreduje<\/h3>\n\n\n\n<p>Prostovoljno, izrecno in prostovoljno po\u0161iljanje elektronske po\u0161te na naslove, navedene na tej spletni strani, tudi preko izpolnjevanja posebnih obrazcev, pomeni pridobitev naslova po\u0161iljatelja, ki je potreben za odgovor na zahteve, kot tudi morebitnih drugih osebnih podatkov, vstavljenih v sporo\u010dilo.<\/p>\n\n\n\n<p>Zbiranje in obdelava osebnih podatkov, ki jih prostovoljno posredujejo, se izvaja za naslednje namene in na podlagi ustreznih pravnih podlag:<\/p>\n\n\n\n<table>\n<thead>\n<tr>\n<th>Namen<\/th>\n<th>Pravna podlaga (\u010dlen 6 GDPR)<\/th>\n<\/tr>\n<\/thead>\n<tbody>\n<tr>\n<td>Obravnava zahtevkov za informacije o storitvah, ki jih nudi Skupnost gora Carnia, in obravnava prijav vseh vrst.<\/td>\n<td>Zahteva uporabnika, ki se posreduje z oddajo zahteve in\/ali sporo\u010dila tudi preko kontaktnega obrazca.<\/td>\n<\/tr>\n<\/tbody>\n<\/table>\n\n\n\n<p>Morebitne in posebne informacije bodo postopoma objavljene ali prikazane na straneh spletnega mesta, namenjenih posebnim storitvam na zahtevo.Zbiranje in obdelava podatkov bosta potekali za dolo\u010dene, jasne in zakonite namene ter na na\u010dine, ki so skladni s temi nameni, v okviru obdelave, potrebne za delovanje poslovne dejavnosti. Ti podatki bodo obdelani v skladu s na\u010delom natan\u010dnosti in, \u010de bo potrebno, ustrezno posodobljeni, tako da bodo vedno ustrezni, popolni in ne bodo presegali namenov zbiranja ter da bo njihova hramba funkcionalna za \u010dasovno obdobje, potrebno za namen, za katerega so bili zbrani in nato obdelani v skladu z GDPR in veljavno nacionalno zakonodajo. Osebni podatki se lahko obdelujejo s pomo\u010djo tako papirnih kot elektronskih orodij in na na\u010din, ki zagotavlja njihovo varnost ter \u0161\u010diti najve\u010djo zaupnost zadevne osebe. Posebni varnostni ukrepi se izvajajo za prepre\u010devanje izgube podatkov, nezakonite ali nepravilne rabe ter nepoobla\u0161\u010denih dostopov, v polnem skladu s 32. \u010dlenom GDPR in veljavno nacionalno zakonodajo.<\/p>\n\n\n\n<h3 class=\"wp-block-heading\">Pi\u0161kotki, vti\u010dniki in storitve interakcije z zunanjimi platformami <\/h3>\n\n\n\n<p>Popolne informacije o uporabi pi\u0161kotkov in storitev interakcije z zunanjimi platformami (npr. dru\u017ebenimi omre\u017eji) s strani te spletne strani so na voljo na naslednji povezavi:<br>Politika pi\u0161kotkov spletne strani www.gopasta.info https:\/\/www.gopasta.info\/cookie-policy-ue\/<\/p>\n\n\n\n<h2 class=\"wp-block-heading\">Narava posredovanja<\/h2>\n\n\n\n<p>Poleg tega, kar je navedeno za podatke o navigaciji, je posredovanje podatkov s strani Uporabnika prostovoljno. Neposredovanje lahko za Skupnost gora Carnia pomeni nemogo\u010dnost izpolnitve zahtevanih storitev.<br>Soglasje, kjer je zahtevano za specifi\u010dne namene, je vedno neobvezno in ga je mogo\u010de kadarkoli preklicati z zahtevkom na naslednji naslov: info@ilfilodeisapori.com.<\/p>\n\n\n\n<h2 class=\"wp-block-heading\">Obve\u0161\u010danje o podatkih<\/h2>\n\n\n\n<p>Ob upo\u0161tevanju komunikacij in raz\u0161iritev, izvedenih v skladu z zakonskimi obveznostmi, se lahko vsi zbrani in obdelani podatki posredujejo:<\/p>\n\n\n\n<ul class=\"wp-block-list\">\n<li>Osebam, katerim je potrebno posredovati podatke za izvajanje pogodbe, katere stranka je Zainteresirani, ali za izvajanje predpogodbenih ukrepov, sprejetih na njegovo zahtevo, ter na splo\u0161no za dosego namenov, navedenih v tej informaciji;<\/li>\n\n\n\n<li>Osebam, ki obdelujejo podatke v imenu Upravljavca kot Obdelovalci po 28. \u010dlenu GDPR, kot so, zgolj kot primer in ne iz\u010drpno: osebe, ki nudijo storitve za upravljanje informacijskega sistema in telekomunikacijskih omre\u017eij (vklju\u010dno z elektronsko po\u0161to). Popoln in posodobljen seznam Obdelovalcev je na voljo upravi\u010denim osebam na zahtevo v sede\u017eu Upravljavca.<\/li>\n\n\n\n<li>Osebam, poobla\u0161\u010denim za dostop do podatkov v skladu z veljavno zakonodajo in\/ali katerim morajo biti podatki posredovani v skladu z zakonskimi obveznostmi.<\/li>\n\n\n\n<li>Osebni podatki se lahko obdelujejo s strani zaposlenih in sodelavcev, dodeljenih pristojnim uradom Pisca, ki so izrecno poobla\u0161\u010deni za obdelavo na podlagi dolo\u010db 29. \u010dlena GDPR in veljavne nacionalne zakonodaje.<\/li>\n<\/ul>\n\n\n\n<h2 class=\"wp-block-heading\">Prenos podatkov v tujino<\/h2>\n\n\n\n<p>Osebni podatki se lahko prenesejo v tujino le za uresni\u010devanje namenov, navedenih v tej informaciji, oziroma iz strogo tehni\u010dnih razlogov, povezanih s strukturo informacijskega sistema podjetja in\/ali zaradi uporabe tehni\u010dnih in organizacijskih varnostnih ukrepov, ki jih \u0161teje upravljavec za ustrezne, in izklju\u010dno ob upo\u0161tevanju \u010dlenov 44 in naslednjih GDPR (v prisotnosti odlo\u010ditev o ustreznosti in\/ali ustreznih jamstev, vedno pod pogojem, da imajo zadevne osebe uveljavljive pravice in u\u010dinkovite pravne sredstva, ali pa pod pogojem, da se vsaki\u010d uvrstimo v eno od specifi\u010dnih izjem, predvidenih z zakonodajo).<\/p>\n\n\n\n<h2 class=\"wp-block-heading\">\u010casi hrambe podatkov:<\/h2>\n\n\n\n<p>Podatki se hranijo za obdobje, ki ne presega dosego namenov, navedenih v tej informaciji. Zlasti se bodo podatki, ki jih zagotovi uporabnik, hranili v na\u0161ih arhivih v skladu z naslednjimi parametri:<\/p>\n\n\n\n<ul class=\"wp-block-list\">\n<li>Podatki, ki jih uporabnik prostovoljno zagotovi: do izpolnitve storitve ali v skladu z morebitnimi roki, predvidenimi z zakonskimi predpisi;<\/li>\n\n\n\n<li>Podatki, obdelani za po\u0161iljanje novic: do zahteve za izbris iz storitve;<\/li>\n\n\n\n<li>Podatki, obdelani za informativne namene: 24 mesecev.<\/li>\n<\/ul>\n\n\n\n<p>V zvezi s specifi\u010dnimi roki zastaranja, ki jih predpisuje zakonodaja, so lahko podatki, potrebni za ugotavljanje, uveljavljanje ali obrambo pravice v sodnem postopku, predmet dalj\u0161ih \u010dasov hrambe.<br>Preverjanje zastare podatkov, shranjenih v zvezi z nameni, za katere so bili zbrani, se izvaja periodi\u010dno.<\/p>\n\n\n\n<h2 class=\"wp-block-heading\">Pravice posameznika<\/h2>\n\n\n\n<p>Posameznik ima pravico do dostopa do svojih osebnih podatkov in do popravka ali izbrisa le-teh ali do omejitve obdelave, ki se ga ti\u010de, ali se lahko prito\u017ei na obdelavo (\u010dl. 15 in naslednji GDPR), tako da kontaktira upravljavca obdelave na naslednji elektronski naslov: info@ilfilodeisapori.com.<\/p>\n\n\n\n<h2 class=\"wp-block-heading\">Pravica do prito\u017ebe<\/h2>\n\n\n\n<p>Posameznik, ki meni, da obdelava osebnih podatkov poteka v nasprotju s predpisi GDPR 2016\/679, ima pravico vlo\u017eiti prito\u017ebo pri nadzornem organu dr\u017eave \u010dlanice Evropske unije, v kateri obi\u010dajno prebiva, dela ali kjer je pri\u0161lo do domnevne kr\u0161itve, kot to dolo\u010da \u010dl. 77 GDPR 2016\/679, ali pa se obrniti na ustrezne sodne organe.<\/p>\n\n\n\n<p>Za ve\u010d informacij lahko kontaktirate upravljavca obdelave:<\/p>\n\n\n\n<p>Skupnost gora Carnia<br>Via Carnia libera 1944, 29 33028 Tolmezzo (UD)<br>Tel. +39 0433 487711<br>email: info@ilfilodeisapori.com<\/p>\n\n\n\n<p>Zadnja sprememba: 22\/09\/2024<\/p>\n","protected":false},"excerpt":{"rendered":"<p>Na tej strani so opisani na\u010dini upravljanja spletne strani v zvezi z obdelavo osebnih podatkov uporabnikov, ki jo obiskujejo. Gre za obvestilo, ki je dano v skladu s \u010dlenom 13 Uredbe (EU) 2016\/679 (\u201cGDPR\u201d) in veljavno nacionalno zakonodajo, tistim, ki<span class=\"read_more_area\"><a class=\"read-more\" href=\"https:\/\/www.gopasta.info\/sl\/politika-zasebnosti\/\"> Izvedite ve\u010d <\/a><\/span><\/p>\n","protected":false},"author":1,"featured_media":0,"parent":0,"menu_order":0,"comment_status":"closed","ping_status":"closed","template":"","meta":{"footnotes":""},"class_list":["post-532","page","type-page","status-publish","hentry"],"_links":{"self":[{"href":"https:\/\/www.gopasta.info\/sl\/wp-json\/wp\/v2\/pages\/532","targetHints":{"allow":["GET"]}}],"collection":[{"href":"https:\/\/www.gopasta.info\/sl\/wp-json\/wp\/v2\/pages"}],"about":[{"href":"https:\/\/www.gopasta.info\/sl\/wp-json\/wp\/v2\/types\/page"}],"author":[{"embeddable":true,"href":"https:\/\/www.gopasta.info\/sl\/wp-json\/wp\/v2\/users\/1"}],"replies":[{"embeddable":true,"href":"https:\/\/www.gopasta.info\/sl\/wp-json\/wp\/v2\/comments?post=532"}],"version-history":[{"count":3,"href":"https:\/\/www.gopasta.info\/sl\/wp-json\/wp\/v2\/pages\/532\/revisions"}],"predecessor-version":[{"id":539,"href":"https:\/\/www.gopasta.info\/sl\/wp-json\/wp\/v2\/pages\/532\/revisions\/539"}],"wp:attachment":[{"href":"https:\/\/www.gopasta.info\/sl\/wp-json\/wp\/v2\/media?parent=532"}],"curies":[{"name":"wp","href":"https:\/\/api.w.org\/{rel}","templated":true}]}}